{"id":3,"date":"2024-02-13T21:17:45","date_gmt":"2024-02-13T20:17:45","guid":{"rendered":"https:\/\/la-chaudronnerie.net\/?page_id=3"},"modified":"2024-04-03T21:56:00","modified_gmt":"2024-04-03T19:56:00","slug":"politique-de-confidentialite","status":"publish","type":"page","link":"https:\/\/la-chaudronnerie.net\/index.php\/politique-de-confidentialite\/","title":{"rendered":"Politique de confidentialit\u00e9"},"content":{"rendered":"[et_pb_section fb_built=\u00a0\u00bb1&Prime; admin_label=\u00a0\u00bbsection\u00a0\u00bb _builder_version=\u00a0\u00bb4.16&Prime; global_colors_info=\u00a0\u00bb{}\u00a0\u00bb][et_pb_row admin_label=\u00a0\u00bbrow\u00a0\u00bb _builder_version=\u00a0\u00bb4.16&Prime; background_size=\u00a0\u00bbinitial\u00a0\u00bb background_position=\u00a0\u00bbtop_left\u00a0\u00bb background_repeat=\u00a0\u00bbrepeat\u00a0\u00bb global_colors_info=\u00a0\u00bb{}\u00a0\u00bb][et_pb_column type=\u00a0\u00bb4_4&Prime; _builder_version=\u00a0\u00bb4.16&Prime; custom_padding=\u00a0\u00bb|||\u00a0\u00bb global_colors_info=\u00a0\u00bb{}\u00a0\u00bb custom_padding__hover=\u00a0\u00bb|||\u00a0\u00bb][et_pb_text admin_label=\u00a0\u00bbText\u00a0\u00bb _builder_version=\u00a0\u00bb4.24.0&Prime; background_size=\u00a0\u00bbinitial\u00a0\u00bb background_position=\u00a0\u00bbtop_left\u00a0\u00bb background_repeat=\u00a0\u00bbrepeat\u00a0\u00bb hover_enabled=\u00a0\u00bb0&Prime; global_colors_info=\u00a0\u00bb{}\u00a0\u00bb sticky_enabled=\u00a0\u00bb0&Prime; background_color=\u00a0\u00bb#FFFFFF\u00a0\u00bb text_text_color=\u00a0\u00bb#000000&Prime; header_text_color=\u00a0\u00bb#E09900&Prime; header_2_text_color=\u00a0\u00bb#E09900&Prime; header_2_font=\u00a0\u00bb|700||on|||||\u00a0\u00bb]<p><\/p>\n<p style=\"text-align: justify;\">\n<p style=\"text-align: justify;\"><\/p>\n<h2 class=\"wp-block-heading\" dir=\"auto\" style=\"text-align: justify;\"><strong>POLITIQUE DE COOKIES<\/strong><\/h2>\n<div dir=\"auto\" style=\"text-align: justify;\"><\/div>\n<div dir=\"auto\" style=\"text-align: justify;\"><\/div>\n<div dir=\"auto\" style=\"text-align: justify;\"><span style=\"text-decoration: underline;\"><strong>1. L&rsquo;utilisation de cookies<\/strong><\/span><\/div>\n<div dir=\"auto\" style=\"text-align: justify;\">Notre site internet<span>\u00a0<\/span><a href=\"http:\/\/la-chaudronnerie.net\/\" target=\"_blank\" data-saferedirecturl=\"https:\/\/www.google.com\/url?q=http:\/\/la-chaudronnerie.net&amp;source=gmail&amp;ust=1712232711638000&amp;usg=AOvVaw2aZyYVFp3P8I69FGmxFi_q\" rel=\"noopener\">la-chaudronnerie.net<\/a><span>\u00a0<\/span>utilise des cookies. Un cookie est un petit fichier qui est envoy\u00e9 avec les pages de ce site Web et\/ou les applications Flash et qui est stock\u00e9 par votre navigateur sur votre disque dur \u00e0 partir de votre ordinateur, t\u00e9l\u00e9phone portable, montre connect\u00e9e ou tablette. Les informations qui y sont stock\u00e9es peuvent \u00eatre retourn\u00e9es \u00e0 nos serveurs lors d&rsquo;une visite ult\u00e9rieure.<\/div>\n<div dir=\"auto\" style=\"text-align: justify;\">L&rsquo;utilisation de cookies est d&rsquo;une grande importance pour le bon fonctionnement de notre site web. Gr\u00e2ce \u00e0 la contribution (anonyme) des visiteurs, nous pouvons am\u00e9liorer l&rsquo;utilisation du site internet et le rendre plus convivial.<\/div>\n<div dir=\"auto\" style=\"text-align: justify;\"><\/div>\n<div dir=\"auto\" style=\"text-align: justify;\"><strong><span style=\"text-decoration: underline;\">2. Consentement<\/span><\/strong><\/div>\n<div dir=\"auto\" style=\"text-align: justify;\">Votre consentement est requis pour l&rsquo;utilisation de certains cookies. Nous le recueillons au moyen d&rsquo;une banni\u00e8re informative.<\/div>\n<div dir=\"auto\" style=\"text-align: justify;\"><\/div>\n<div dir=\"auto\" style=\"text-align: justify;\"><span style=\"text-decoration: underline;\"><strong>3. Le type de cookies utilis\u00e9s et leurs objectifs<\/strong><\/span><\/div>\n<div dir=\"auto\" style=\"text-align: justify;\">Nous utilisons les cookies suivants :<\/div>\n<div dir=\"auto\" style=\"text-align: justify;\">&#8211; Cookies fonctionnels : ils nous permettent d&rsquo;am\u00e9liorer le fonctionnement du site internet et de le rendre plus convivial pour le visiteur. Par exemple, nous stockons vos donn\u00e9es de connexion.<\/div>\n<div dir=\"auto\" style=\"text-align: justify;\">&#8211; Cookies de mesure d&rsquo;audience : ils garantissent qu&rsquo;un cookie anonyme est g\u00e9n\u00e9r\u00e9 \u00e0 chaque fois que vous visitez un site internet. Ces cookies permettent de savoir si vous avez d\u00e9j\u00e0 visit\u00e9 le site auparavant ou non. Ce n&rsquo;est que lors de la premi\u00e8re visite qu\u2019un cookie est cr\u00e9\u00e9. Lors des visites suivantes, l&rsquo;utilisation du cookie d\u00e9j\u00e0 existant est automatique. Ce cookie n&rsquo;est utilis\u00e9 qu&rsquo;\u00e0 des fins statistiques. De cette fa\u00e7on, les donn\u00e9es suivantes peuvent \u00eatre collect\u00e9es :<\/div>\n<div dir=\"auto\" style=\"text-align: justify;\">\u2022\u00a0 Le nombre de visiteurs uniques<\/div>\n<div dir=\"auto\" style=\"text-align: justify;\">\u2022 La fr\u00e9quence \u00e0 laquelle les utilisateurs visitent le site<\/div>\n<div dir=\"auto\" style=\"text-align: justify;\">-Quelles pages les visiteurs consultent<\/div>\n<div dir=\"auto\" style=\"text-align: justify;\">\u2022Combien de temps les utilisateurs consultent une page particuli\u00e8re<\/div>\n<div dir=\"auto\" style=\"text-align: justify;\">\u2022La page \u00e0 partir de laquelle les visiteurs quittent le site<\/div>\n<div dir=\"auto\" style=\"text-align: justify;\">&#8211; Cookies de suivi : ils permettent d&rsquo;analyser votre navigation, vos habitudes de consultation ou de consommation sur les sites du r\u00e9seau, dans le but de vous proposer des publicit\u00e9s cibl\u00e9es ou des services personnalis\u00e9s. Le profil qui est \u00e9tabli en fonction de ces donn\u00e9es n&rsquo;est pas li\u00e9 \u00e0 votre nom, adresse, adresse mail, etc., mais sert uniquement \u00e0 faire correspondre les publicit\u00e9s \u00e0 votre profil, afin qu&rsquo;elles soient aussi pertinentes que possible pour vous. Nous recueillons votre consentement pour ces cookies. Ils ne seront pas install\u00e9s sans votre consentement.<\/div>\n<div dir=\"auto\" style=\"text-align: justify;\">&#8211; Cookies li\u00e9s aux r\u00e9seaux sociaux : ils permettent aux r\u00e9seaux sociaux d&rsquo;enregistrer les articles et les pages que vous partagez via leurs boutons de partage. Ils peuvent \u00e9galement contenir des cookies de suivi qui tracent votre comportement de navigation sur internet.<\/div>\n<div dir=\"auto\" style=\"text-align: justify;\">&#8211; Cookies d&rsquo;am\u00e9lioration du site : ils permettent de tester diff\u00e9rentes versions d&rsquo;une page internet afin de savoir quelle page est mieux utilis\u00e9e.<\/div>\n<div dir=\"auto\" style=\"text-align: justify;\"><\/div>\n<div dir=\"auto\" style=\"text-align: justify;\"><span style=\"text-decoration: underline;\"><strong>3 bis. Liste des cookies utilis\u00e9s<\/strong><\/span><\/div>\n<div dir=\"auto\" style=\"text-align: justify;\">Vous devez r\u00e9pertorier tous les cookies utilis\u00e9s (en g\u00e9n\u00e9ral pour un site WordPress il n\u2019y a que ceux cit\u00e9s plus bas)<\/div>\n<div dir=\"auto\" style=\"text-align: justify;\">Cookies Google :<\/div>\n<div dir=\"auto\" style=\"text-align: justify;\">\u2022 Google analytics : permet de mesurer l&rsquo;audience du site.<\/div>\n<div dir=\"auto\" style=\"text-align: justify;\">\u2022 Google tag manager : facilite l\u2019impl\u00e9mentation des tags sur les pages et permet de g\u00e9rer les balises Google.<\/div>\n<div dir=\"auto\" style=\"text-align: justify;\">\u2022 Google Adsense : r\u00e9gie publicitaire de Google utilisant les sites web ou les vid\u00e9os YouTube comme support pour ses annonces.<\/div>\n<div dir=\"auto\" style=\"text-align: justify;\">\u2022 Google Dynamic Remarketing : permet de vous proposer de la publicit\u00e9 dynamique en fonction des pr\u00e9c\u00e9dentes recherches.<\/div>\n<div dir=\"auto\" style=\"text-align: justify;\">\u2022 Google Adwords Conversion : outil de suivi des campagnes publicitaires adwords.<\/div>\n<div dir=\"auto\" style=\"text-align: justify;\">\u2022 DoubleClick : cookies publicitaires de Google pour diffuser des banni\u00e8res.<\/div>\n<div dir=\"auto\" style=\"text-align: justify;\">Cookies Facebook :<\/div>\n<div dir=\"auto\" style=\"text-align: justify;\">\u2022 Facebook connect : permet de s&rsquo;identifier \u00e0 l&rsquo;aide de son compte Facebook.<\/div>\n<div dir=\"auto\" style=\"text-align: justify;\">\u2022 Facebook social plugins : permet de liker, partager, commenter du contenu avec un compte Facebook.<\/div>\n<div dir=\"auto\" style=\"text-align: justify;\">\u2022 Facebook Custom Audience : permet d&rsquo;interagir avec l&rsquo;audience sur Facebook.<\/div>\n<div dir=\"auto\" style=\"text-align: justify;\">Cookies Twitter :<\/div>\n<div dir=\"auto\" style=\"text-align: justify;\">\u2022 Twitter button : permet de partager facilement et afficher le contenu de Twitter.<\/div>\n<div dir=\"auto\" style=\"text-align: justify;\">\u2022 Twitter advertising : permet d&rsquo;afficher et de cibler des publicit\u00e9s par la r\u00e9gie publicitaire de Twitter.<\/div>\n<div dir=\"auto\" style=\"text-align: justify;\"><\/div>\n<div dir=\"auto\" style=\"text-align: justify;\"><strong><span style=\"text-decoration: underline;\">4. Vos droits \u00e0 l&rsquo;\u00e9gard de vos donn\u00e9es personnelles<\/span><\/strong><\/div>\n<div dir=\"auto\" style=\"text-align: justify;\">Vous disposez d&rsquo;un droit d&rsquo;acc\u00e8s, de rectification, de limitation et de suppression de vos donn\u00e9es personnelles. En outre, vous avez le droit de vous opposer au traitement des donn\u00e9es personnelles et le droit \u00e0 la transf\u00e9rabilit\u00e9 de vos donn\u00e9es. Vous pouvez exercer ces droits en nous envoyant un mail \u00e0 l&rsquo;adresse suivante contact @<a href=\"http:\/\/la-chaudronnerie.fr\/\" target=\"_blank\" data-saferedirecturl=\"https:\/\/www.google.com\/url?q=http:\/\/la-chaudronnerie.fr&amp;source=gmail&amp;ust=1712232711638000&amp;usg=AOvVaw1FpGuvuXZ6C6_44tIgQ6VG\" rel=\"noopener\">la-chaudronnerie.fr<\/a><\/div>\n<div dir=\"auto\" style=\"text-align: justify;\">\u00a0Afin de pr\u00e9venir les abus, nous pouvons vous demander de vous identifier sur notre site. Lorsqu&rsquo;il s&rsquo;agit d&rsquo;acc\u00e9der \u00e0 des donn\u00e9es personnelles li\u00e9es \u00e0 un cookie, nous vous demandons de nous envoyer une copie du cookie en question. Vous pouvez les trouver dans les param\u00e8tres de votre navigateur.<\/div>\n<div dir=\"auto\" style=\"text-align: justify;\"><\/div>\n<div dir=\"auto\" style=\"text-align: justify;\">5. Blocage et suppression des cookies<\/div>\n<div dir=\"auto\" style=\"text-align: justify;\">Vous pouvez facilement bloquer et supprimer vous-m\u00eame les cookies \u00e0 tout moment par votre navigateur Internet. Vous pouvez \u00e9galement configurer votre navigateur Internet de mani\u00e8re \u00e0 recevoir un message lorsqu&rsquo;un cookie est install\u00e9. Vous pouvez \u00e9galement indiquer que certains cookies ne peuvent pas \u00eatre install\u00e9s. Pour cela, veuillez consultez la fonction d&rsquo;aide de votre navigateur. Si vous supprimez les cookies de votre navigateur, cela peut le cas \u00e9ch\u00e9ant avoir des cons\u00e9quences sur l&rsquo;utilisation de notre site internet. Certains cookies de suivi sont install\u00e9s par des tiers qui vous affichent des publicit\u00e9s via notre site Web. Vous pouvez supprimer ces cookies de mani\u00e8re centralis\u00e9e via<span>\u00a0<\/span><a href=\"http:\/\/www.youronlinechoices.eu\/\" target=\"_blank\" data-saferedirecturl=\"https:\/\/www.google.com\/url?q=http:\/\/www.youronlinechoices.eu&amp;source=gmail&amp;ust=1712232711638000&amp;usg=AOvVaw0AWB2TFV6eEf0A92IQdEV4\" rel=\"noopener\">www.youronlinechoices.eu<\/a>.<\/div>\n<div dir=\"auto\" style=\"text-align: justify;\">Veuillez noter que si vous ne voulez pas de cookies, nous ne serons plus en mesure de garantir le bon fonctionnement de notre site Web. Certaines caract\u00e9ristiques du site peuvent \u00eatre alt\u00e9r\u00e9es et dans certains cas, vous ne pourrez plus acc\u00e9der au site. De plus, le refus des cookies ne signifie pas que vous ne verrez aucune publicit\u00e9. Les annonces ne sont plus adapt\u00e9es \u00e0 vos centres d&rsquo;int\u00e9r\u00eat et peuvent donc appara\u00eetre plus souvent. Les \u00e9tapes \u00e0 suivre pour ajuster vos param\u00e8tres varient d&rsquo;un navigateur \u00e0 un autre. Si n\u00e9cessaire, consultez la fonction d&rsquo;aide de votre navigateur, ou rendez-vous sur l\u2019un des liens ci-dessous pour acc\u00e9der directement au manuel de votre navigateur.<\/div>\n<div dir=\"auto\" style=\"text-align: justify;\"><\/div>\n<div dir=\"auto\" style=\"text-align: justify;\">Firefox :<span>\u00a0<\/span><a href=\"https:\/\/support.mozilla.org\/fr\/kb\/effacer-les-cookies-pour-supprimer-les-information\" target=\"_blank\" data-saferedirecturl=\"https:\/\/www.google.com\/url?q=https:\/\/support.mozilla.org\/fr\/kb\/effacer-les-cookies-pour-supprimer-les-information&amp;source=gmail&amp;ust=1712232711638000&amp;usg=AOvVaw1gfNPwwPDHPs_iPxcz6IMI\" rel=\"noopener\">https:\/\/support.mozilla.org\/<wbr \/>fr\/kb\/effacer-les-cookies-<wbr \/>pour-supprimer-les-information<\/a><\/div>\n<div dir=\"auto\" style=\"text-align: justify;\">Google Chrome :<span>\u00a0<\/span><a href=\"https:\/\/support.google.com\/chrome\/answer\/95647?co=GENIE.Platform=Desktop&amp;hl=fr\" target=\"_blank\" data-saferedirecturl=\"https:\/\/www.google.com\/url?q=https:\/\/support.google.com\/chrome\/answer\/95647?co%3DGENIE.Platform%3DDesktop%26hl%3Dfr&amp;source=gmail&amp;ust=1712232711638000&amp;usg=AOvVaw3eyO79xYCn36FLCJFmdlCJ\" rel=\"noopener\">https:\/\/support.google.com\/<wbr \/>chrome\/answer\/95647?co=GENIE.<wbr \/>Platform=Desktop&amp;hl=fr<\/a><\/div>\n<div dir=\"auto\" style=\"text-align: justify;\">Internet Explorer :<span>\u00a0<\/span><a href=\"https:\/\/support.microsoft.com\/fr-fr\/help\/278835\/how-to-delete-cookie-files-in-internet-explorer\" target=\"_blank\" data-saferedirecturl=\"https:\/\/www.google.com\/url?q=https:\/\/support.microsoft.com\/fr-fr\/help\/278835\/how-to-delete-cookie-files-in-internet-explorer&amp;source=gmail&amp;ust=1712232711638000&amp;usg=AOvVaw0aor7FRPlNcgGk59YtbDXa\" rel=\"noopener\">https:\/\/support.microsoft.com\/<wbr \/>fr-fr\/help\/278835\/how-to-<wbr \/>delete-cookie-files-in-<wbr \/>internet-explorer<\/a><\/div>\n<div dir=\"auto\" style=\"text-align: justify;\">Safari :<span>\u00a0<\/span><a href=\"https:\/\/support.apple.com\/kb\/ph21411?locale=fr_FR\" target=\"_blank\" data-saferedirecturl=\"https:\/\/www.google.com\/url?q=https:\/\/support.apple.com\/kb\/ph21411?locale%3Dfr_FR&amp;source=gmail&amp;ust=1712232711638000&amp;usg=AOvVaw0EC0B4tqwdSaf21RqGVC5G\" rel=\"noopener\">https:\/\/support.apple.com\/kb\/<wbr \/>ph21411?locale=fr_FR<\/a><\/div>\n<div dir=\"auto\" style=\"text-align: justify;\"><\/div>\n<div dir=\"auto\" style=\"text-align: justify;\"><span style=\"text-decoration: underline;\"><strong>6. Nouveaux d\u00e9veloppements et cookies non pr\u00e9vus<\/strong><\/span><\/div>\n<div dir=\"auto\" style=\"text-align: justify;\">Sur certaines de nos pages, nous pouvons utiliser du contenu qui est h\u00e9berg\u00e9 sur d&rsquo;autres sites et qui est rendu accessible sur notre site internet au moyen de certains codes (contenu int\u00e9gr\u00e9). Ces codes utilisent souvent des cookies. Nous n\u2019avons cependant aucun contr\u00f4le sur ce que ces tiers font de leurs cookies.<\/div>\n<div dir=\"auto\" style=\"text-align: justify;\">Il est \u00e9galement possible que, par l&rsquo;interm\u00e9diaire de notre site internet, des cookies soient plac\u00e9s par d&rsquo;autres personnes. Vous avez trouv\u00e9 sur notre site internet des cookies que nous n&rsquo;avons pas identifi\u00e9s ? Veuillez nous le faire savoir par mail. Vous pouvez \u00e9galement contacter directement le tiers et lui demander quels cookies il place, quelle en est la raison, quelle est la dur\u00e9e de vie du cookie et quelles sont les mesures pour prot\u00e9ger votre vie priv\u00e9e.<\/div>\n<div dir=\"auto\" style=\"text-align: justify;\"><\/div>\n<div dir=\"auto\" style=\"text-align: justify;\"><span style=\"text-decoration: underline;\"><strong>7. Remarques<\/strong><\/span><\/div>\n<div dir=\"auto\" style=\"text-align: justify;\">Nous devrons mettre \u00e0 jour cette politique d&rsquo;utilisation des cookies r\u00e9guli\u00e8rement par exemple lorsque nous modifions notre site Web ou les r\u00e8gles le concernant. Nous vous prions de consulter cette page pour prendre connaissance de la derni\u00e8re version de notre politique d&rsquo;utilisation des cookies.<\/div>\n<div dir=\"auto\" style=\"text-align: justify;\">\n<p>Si vous avez des questions et\/ou des commentaires, veuillez nous contacter \u00e0 l&rsquo;adresse e-mail suivante :<span>\u00a0<\/span><a href=\"mailto:lachaudronnerie@gmail.com\" target=\"_blank\" rel=\"noopener\">lachaudronnerie@gmail.com<\/a><\/p>\n<div class=\"yj6qo\"><\/div>\n<div class=\"adL\"><\/div>\n<\/div>\n<div dir=\"auto\" class=\"adL\"><\/div>\n<p>&nbsp;<\/p>\n<p>&nbsp;<\/p>\n<p><\/p>[\/et_pb_text][\/et_pb_column][\/et_pb_row][\/et_pb_section]","protected":false},"excerpt":{"rendered":"<p>POLITIQUE DE COOKIES 1. L&rsquo;utilisation de cookies Notre site internet\u00a0la-chaudronnerie.net\u00a0utilise des cookies. Un cookie est un petit fichier qui est envoy\u00e9 avec les pages de ce site Web et\/ou les applications Flash et qui est stock\u00e9 par votre navigateur sur votre disque dur \u00e0 partir de votre ordinateur, t\u00e9l\u00e9phone portable, montre connect\u00e9e ou tablette. Les informations qui y sont stock\u00e9es peuvent \u00eatre retourn\u00e9es \u00e0 nos serveurs lors d&rsquo;une visite ult\u00e9rieure. L&rsquo;utilisation de cookies est d&rsquo;une grande importance pour le bon fonctionnement de notre site web. Gr\u00e2ce \u00e0 la contribution (anonyme) des visiteurs, nous pouvons am\u00e9liorer l&rsquo;utilisation du site internet et le rendre plus convivial. 2. Consentement Votre consentement est requis pour l&rsquo;utilisation de certains cookies. Nous le recueillons au moyen d&rsquo;une banni\u00e8re informative. 3. Le type de cookies utilis\u00e9s et leurs objectifs Nous utilisons les cookies suivants : &#8211; Cookies fonctionnels : ils nous permettent d&rsquo;am\u00e9liorer le fonctionnement du site internet et de le rendre plus convivial pour le visiteur. Par exemple, nous stockons vos donn\u00e9es de connexion. &#8211; Cookies de mesure d&rsquo;audience : ils garantissent qu&rsquo;un cookie anonyme est g\u00e9n\u00e9r\u00e9 \u00e0 chaque fois que vous visitez un site internet. Ces cookies permettent de savoir si vous avez d\u00e9j\u00e0 visit\u00e9 [&hellip;]<\/p>\n","protected":false},"author":1,"featured_media":0,"parent":0,"menu_order":0,"comment_status":"closed","ping_status":"open","template":"","meta":{"_et_pb_use_builder":"on","_et_pb_old_content":"<!-- wp:heading --><h2>Qui sommes-nous\u00a0?<\/h2><!-- \/wp:heading --><!-- wp:paragraph --><p><strong class=\"privacy-policy-tutorial\">Texte sugg\u00e9r\u00e9\u00a0: <\/strong>L\u2019adresse de notre site est\u00a0: https:\/\/la-chaudronnerie.net.<\/p><!-- \/wp:paragraph --><!-- wp:heading --><h2>Commentaires<\/h2><!-- \/wp:heading --><!-- wp:paragraph --><p><strong class=\"privacy-policy-tutorial\">Texte sugg\u00e9r\u00e9\u00a0: <\/strong>Quand vous laissez un commentaire sur notre site, les donn\u00e9es inscrites dans le formulaire de commentaire, ainsi que votre adresse IP et l\u2019agent utilisateur de votre navigateur sont collect\u00e9s pour nous aider \u00e0 la d\u00e9tection des commentaires ind\u00e9sirables.<\/p><!-- \/wp:paragraph --><!-- wp:paragraph --><p>Une cha\u00eene anonymis\u00e9e cr\u00e9\u00e9e \u00e0 partir de votre adresse e-mail (\u00e9galement appel\u00e9e hash) peut \u00eatre envoy\u00e9e au service Gravatar pour v\u00e9rifier si vous utilisez ce dernier. Les clauses de confidentialit\u00e9 du service Gravatar sont disponibles ici\u00a0: https:\/\/automattic.com\/privacy\/. Apr\u00e8s validation de votre commentaire, votre photo de profil sera visible publiquement \u00e0 cot\u00e9 de votre commentaire.<\/p><!-- \/wp:paragraph --><!-- wp:heading --><h2>M\u00e9dias<\/h2><!-- \/wp:heading --><!-- wp:paragraph --><p><strong class=\"privacy-policy-tutorial\">Texte sugg\u00e9r\u00e9\u00a0: <\/strong>Si vous t\u00e9l\u00e9versez des images sur le site, nous vous conseillons d\u2019\u00e9viter de t\u00e9l\u00e9verser des images contenant des donn\u00e9es EXIF de coordonn\u00e9es GPS. Les personnes visitant votre site peuvent t\u00e9l\u00e9charger et extraire des donn\u00e9es de localisation depuis ces images.<\/p><!-- \/wp:paragraph --><!-- wp:heading --><h2>Cookies<\/h2><!-- \/wp:heading --><!-- wp:paragraph --><p><strong class=\"privacy-policy-tutorial\">Texte sugg\u00e9r\u00e9\u00a0: <\/strong>Si vous d\u00e9posez un commentaire sur notre site, il vous sera propos\u00e9 d\u2019enregistrer votre nom, adresse e-mail et site dans des cookies. C\u2019est uniquement pour votre confort afin de ne pas avoir \u00e0 saisir ces informations si vous d\u00e9posez un autre commentaire plus tard. Ces cookies expirent au bout d\u2019un an.<\/p><!-- \/wp:paragraph --><!-- wp:paragraph --><p>Si vous vous rendez sur la page de connexion, un cookie temporaire sera cr\u00e9\u00e9 afin de d\u00e9terminer si votre navigateur accepte les cookies. Il ne contient pas de donn\u00e9es personnelles et sera supprim\u00e9 automatiquement \u00e0 la fermeture de votre navigateur.<\/p><!-- \/wp:paragraph --><!-- wp:paragraph --><p>Lorsque vous vous connecterez, nous mettrons en place un certain nombre de cookies pour enregistrer vos informations de connexion et vos pr\u00e9f\u00e9rences d\u2019\u00e9cran. La dur\u00e9e de vie d\u2019un cookie de connexion est de deux jours, celle d\u2019un cookie d\u2019option d\u2019\u00e9cran est d\u2019un an. Si vous cochez \u00ab\u00a0Se souvenir de moi\u00a0\u00bb, votre cookie de connexion sera conserv\u00e9 pendant deux semaines. Si vous vous d\u00e9connectez de votre compte, le cookie de connexion sera effac\u00e9.<\/p><!-- \/wp:paragraph --><!-- wp:paragraph --><p>En modifiant ou en publiant une publication, un cookie suppl\u00e9mentaire sera enregistr\u00e9 dans votre navigateur. Ce cookie ne comprend aucune donn\u00e9e personnelle. Il indique simplement l\u2019ID de la publication que vous venez de modifier. Il expire au bout d\u2019un jour.<\/p><!-- \/wp:paragraph --><!-- wp:heading --><h2>Contenu embarqu\u00e9 depuis d\u2019autres sites<\/h2><!-- \/wp:heading --><!-- wp:paragraph --><p><strong class=\"privacy-policy-tutorial\">Texte sugg\u00e9r\u00e9\u00a0: <\/strong>Les articles de ce site peuvent inclure des contenus int\u00e9gr\u00e9s (par exemple des vid\u00e9os, images, articles\u2026). Le contenu int\u00e9gr\u00e9 depuis d\u2019autres sites se comporte de la m\u00eame mani\u00e8re que si le visiteur se rendait sur cet autre site.<\/p><!-- \/wp:paragraph --><!-- wp:paragraph --><p>Ces sites web pourraient collecter des donn\u00e9es sur vous, utiliser des cookies, embarquer des outils de suivis tiers, suivre vos interactions avec ces contenus embarqu\u00e9s si vous disposez d\u2019un compte connect\u00e9 sur leur site web.<\/p><!-- \/wp:paragraph --><!-- wp:heading --><h2>Utilisation et transmission de vos donn\u00e9es personnelles<\/h2><!-- \/wp:heading --><!-- wp:paragraph --><p><strong class=\"privacy-policy-tutorial\">Texte sugg\u00e9r\u00e9\u00a0: <\/strong>Si vous demandez une r\u00e9initialisation de votre mot de passe, votre adresse IP sera incluse dans l\u2019e-mail de r\u00e9initialisation.<\/p><!-- \/wp:paragraph --><!-- wp:heading --><h2>Dur\u00e9es de stockage de vos donn\u00e9es<\/h2><!-- \/wp:heading --><!-- wp:paragraph --><p><strong class=\"privacy-policy-tutorial\">Texte sugg\u00e9r\u00e9\u00a0: <\/strong>Si vous laissez un commentaire, le commentaire et ses m\u00e9tadonn\u00e9es sont conserv\u00e9s ind\u00e9finiment. Cela permet de reconna\u00eetre et approuver automatiquement les commentaires suivants au lieu de les laisser dans la file de mod\u00e9ration.<\/p><!-- \/wp:paragraph --><!-- wp:paragraph --><p>Pour les comptes qui s\u2019inscrivent sur notre site (le cas \u00e9ch\u00e9ant), nous stockons \u00e9galement les donn\u00e9es personnelles indiqu\u00e9es dans leur profil. Tous les comptes peuvent voir, modifier ou supprimer leurs informations personnelles \u00e0 tout moment (\u00e0 l\u2019exception de leur identifiant). Les gestionnaires du site peuvent aussi voir et modifier ces informations.<\/p><!-- \/wp:paragraph --><!-- wp:heading --><h2>Les droits que vous avez sur vos donn\u00e9es<\/h2><!-- \/wp:heading --><!-- wp:paragraph --><p><strong class=\"privacy-policy-tutorial\">Texte sugg\u00e9r\u00e9\u00a0: <\/strong>Si vous avez un compte ou si vous avez laiss\u00e9 des commentaires sur le site, vous pouvez demander \u00e0 recevoir un fichier contenant toutes les donn\u00e9es personnelles que nous poss\u00e9dons \u00e0 votre sujet, incluant celles que vous nous avez fournies. Vous pouvez \u00e9galement demander la suppression des donn\u00e9es personnelles vous concernant. Cela ne prend pas en compte les donn\u00e9es stock\u00e9es \u00e0 des fins administratives, l\u00e9gales ou pour des raisons de s\u00e9curit\u00e9.<\/p><!-- \/wp:paragraph --><!-- wp:heading --><h2>O\u00f9 vos donn\u00e9es sont envoy\u00e9es<\/h2><!-- \/wp:heading --><!-- wp:paragraph --><p><strong class=\"privacy-policy-tutorial\">Texte sugg\u00e9r\u00e9\u00a0: <\/strong>Les commentaires des visiteurs peuvent \u00eatre v\u00e9rifi\u00e9s \u00e0 l\u2019aide d\u2019un service automatis\u00e9 de d\u00e9tection des commentaires ind\u00e9sirables.<\/p><!-- \/wp:paragraph -->","_et_gb_content_width":"","_joinchat":[],"footnotes":""},"_links":{"self":[{"href":"https:\/\/la-chaudronnerie.net\/index.php\/wp-json\/wp\/v2\/pages\/3"}],"collection":[{"href":"https:\/\/la-chaudronnerie.net\/index.php\/wp-json\/wp\/v2\/pages"}],"about":[{"href":"https:\/\/la-chaudronnerie.net\/index.php\/wp-json\/wp\/v2\/types\/page"}],"author":[{"embeddable":true,"href":"https:\/\/la-chaudronnerie.net\/index.php\/wp-json\/wp\/v2\/users\/1"}],"replies":[{"embeddable":true,"href":"https:\/\/la-chaudronnerie.net\/index.php\/wp-json\/wp\/v2\/comments?post=3"}],"version-history":[{"count":3,"href":"https:\/\/la-chaudronnerie.net\/index.php\/wp-json\/wp\/v2\/pages\/3\/revisions"}],"predecessor-version":[{"id":248,"href":"https:\/\/la-chaudronnerie.net\/index.php\/wp-json\/wp\/v2\/pages\/3\/revisions\/248"}],"wp:attachment":[{"href":"https:\/\/la-chaudronnerie.net\/index.php\/wp-json\/wp\/v2\/media?parent=3"}],"curies":[{"name":"wp","href":"https:\/\/api.w.org\/{rel}","templated":true}]}}